{"id":16154,"date":"2026-01-26T10:56:43","date_gmt":"2026-01-26T09:56:43","guid":{"rendered":"https:\/\/abl.se\/contact-us\/"},"modified":"2026-02-03T06:48:33","modified_gmt":"2026-02-03T05:48:33","slug":"contact-us","status":"publish","type":"page","link":"https:\/\/abl.se\/en\/contact-us\/","title":{"rendered":"Contact us"},"content":{"rendered":"\n<div class=\"wp-block-columns is-layout-flex wp-container-core-columns-is-layout-28f84493 wp-block-columns-is-layout-flex\">\n<div class=\"wp-block-column is-layout-flow wp-block-column-is-layout-flow\">\n<div class=\"wp-block-media-text is-stacked-on-mobile is-vertically-aligned-top\"><figure class=\"wp-block-media-text__media\"><img loading=\"lazy\" decoding=\"async\" width=\"500\" height=\"604\" src=\"https:\/\/abl.se\/wp-content\/uploads\/Magnus-Hellstrom-web-604.jpg\" alt=\"\" class=\"wp-image-15117 size-full\" srcset=\"https:\/\/abl.se\/wp-content\/uploads\/Magnus-Hellstrom-web-604.jpg 500w, https:\/\/abl.se\/wp-content\/uploads\/Magnus-Hellstrom-web-604-248x300.jpg 248w, https:\/\/abl.se\/wp-content\/uploads\/Magnus-Hellstrom-web-604-200x242.jpg 200w, https:\/\/abl.se\/wp-content\/uploads\/Magnus-Hellstrom-web-604-400x483.jpg 400w\" sizes=\"auto, (max-width: 500px) 100vw, 500px\" \/><\/figure><div class=\"wp-block-media-text__content\">\n<h2 class=\"wp-block-heading\">Magnus Hellstr\u00f6m<\/h2>\n\n\n\n<p><em>CEO Export<\/em><br><small><a href=\"mailto:magnus.hellstrom@abl.se\">magnus.hellstrom@abl.se<\/a><\/small><br><small>+46 (0)72 240 78 85<\/small><\/p>\n<\/div><\/div>\n<\/div>\n\n\n\n<div class=\"wp-block-column is-layout-flow wp-block-column-is-layout-flow\">\n<div class=\"wp-block-media-text is-stacked-on-mobile is-vertically-aligned-top\"><figure class=\"wp-block-media-text__media\"><img loading=\"lazy\" decoding=\"async\" width=\"500\" height=\"604\" src=\"https:\/\/abl.se\/wp-content\/uploads\/Pernilla2.jpg\" alt=\"\" class=\"wp-image-14969 size-full\" srcset=\"https:\/\/abl.se\/wp-content\/uploads\/Pernilla2.jpg 500w, https:\/\/abl.se\/wp-content\/uploads\/Pernilla2-248x300.jpg 248w, https:\/\/abl.se\/wp-content\/uploads\/Pernilla2-200x242.jpg 200w, https:\/\/abl.se\/wp-content\/uploads\/Pernilla2-400x483.jpg 400w\" sizes=\"auto, (max-width: 500px) 100vw, 500px\" \/><\/figure><div class=\"wp-block-media-text__content\">\n<h2 class=\"wp-block-heading\">Pernilla Klintenberg<\/h2>\n\n\n\n<p><em>Sales Sweden<\/em><br><small><a href=\"mailto:pernilla.klintenberg@abl.se\">pernilla.klintenberg@abl.se<\/a><\/small><br><small>+46 (0) 382 676 06<\/small><br><small>+46 (0)70 193 16 26<\/small><\/p>\n<\/div><\/div>\n<\/div>\n<\/div>\n\n\n\n<div class=\"wp-block-columns is-layout-flex wp-container-core-columns-is-layout-28f84493 wp-block-columns-is-layout-flex\">\n<div class=\"wp-block-column is-layout-flow wp-block-column-is-layout-flow\">\n<div class=\"wp-block-media-text is-stacked-on-mobile is-vertically-aligned-top\"><figure class=\"wp-block-media-text__media\"><img loading=\"lazy\" decoding=\"async\" width=\"500\" height=\"604\" src=\"https:\/\/abl.se\/wp-content\/uploads\/Magnus-2.jpg\" alt=\"\" class=\"wp-image-14964 size-full\" srcset=\"https:\/\/abl.se\/wp-content\/uploads\/Magnus-2.jpg 500w, https:\/\/abl.se\/wp-content\/uploads\/Magnus-2-248x300.jpg 248w, https:\/\/abl.se\/wp-content\/uploads\/Magnus-2-200x242.jpg 200w, https:\/\/abl.se\/wp-content\/uploads\/Magnus-2-400x483.jpg 400w\" sizes=\"auto, (max-width: 500px) 100vw, 500px\" \/><\/figure><div class=\"wp-block-media-text__content\">\n<h2 class=\"wp-block-heading\">Magnus Klintenberg<\/h2>\n\n\n\n<p><em>F\u00f6rs\u00e4ljningschef S\u00e4ljdistrikt: Sk\u00e5ne, Kronoberg<\/em><br><small><a href=\"mailto:magnus.klintenberg@abl.se\">magnus.klintenberg@abl.se<\/a><\/small><br><small>+46 (0)382-676 16<\/small><br><small>+46 (0)72 090 84 16<\/small><\/p>\n<\/div><\/div>\n<\/div>\n\n\n\n<div class=\"wp-block-column is-layout-flow wp-block-column-is-layout-flow\">\n<div class=\"wp-block-media-text is-stacked-on-mobile is-vertically-aligned-top\"><figure class=\"wp-block-media-text__media\"><img loading=\"lazy\" decoding=\"async\" width=\"500\" height=\"604\" src=\"https:\/\/abl.se\/wp-content\/uploads\/Rasmus-1.jpg\" alt=\"\" class=\"wp-image-14931 size-full\" srcset=\"https:\/\/abl.se\/wp-content\/uploads\/Rasmus-1.jpg 500w, https:\/\/abl.se\/wp-content\/uploads\/Rasmus-1-248x300.jpg 248w, https:\/\/abl.se\/wp-content\/uploads\/Rasmus-1-200x242.jpg 200w, https:\/\/abl.se\/wp-content\/uploads\/Rasmus-1-400x483.jpg 400w\" sizes=\"auto, (max-width: 500px) 100vw, 500px\" \/><\/figure><div class=\"wp-block-media-text__content\">\n<h2 class=\"wp-block-heading\">Rasmus Eriksson<\/h2>\n\n\n\n<p><em>F\u00f6rs\u00e4ljning S\u00e4ljdistrikt: Stockholm, Uppsala, S\u00f6dermanland, V\u00e4stmanland, G\u00e4vleborg, V\u00e4sternorrland, V\u00e4sterbotten.<\/em><br><small><a href=\"mailto:rasmus.eriksson@abl.se\">rasmus.eriksson@abl.se<\/a><\/small><br><small>+46 (0) 76 044 54 11<\/small><\/p>\n<\/div><\/div>\n<\/div>\n<\/div>\n\n\n\n<div class=\"wp-block-columns is-layout-flex wp-container-core-columns-is-layout-28f84493 wp-block-columns-is-layout-flex\">\n<div class=\"wp-block-column is-layout-flow wp-block-column-is-layout-flow\">\n<div class=\"wp-block-media-text is-stacked-on-mobile is-vertically-aligned-top\"><figure class=\"wp-block-media-text__media\"><img loading=\"lazy\" decoding=\"async\" width=\"500\" height=\"604\" src=\"https:\/\/abl.se\/wp-content\/uploads\/Martin-2-1.jpg\" alt=\"\" class=\"wp-image-15082 size-full\" srcset=\"https:\/\/abl.se\/wp-content\/uploads\/Martin-2-1.jpg 500w, https:\/\/abl.se\/wp-content\/uploads\/Martin-2-1-248x300.jpg 248w, https:\/\/abl.se\/wp-content\/uploads\/Martin-2-1-200x242.jpg 200w, https:\/\/abl.se\/wp-content\/uploads\/Martin-2-1-400x483.jpg 400w\" sizes=\"auto, (max-width: 500px) 100vw, 500px\" \/><\/figure><div class=\"wp-block-media-text__content\">\n<h2 class=\"wp-block-heading\">Martin Jansson<\/h2>\n\n\n\n<p><em>F\u00f6rs\u00e4ljning S\u00e4ljdistrikt: \u00d6rebro, V\u00e4rmland, Dalarna, J\u00e4mtland, Norrbotten, Norge.<\/em><br><small><a href=\"mailto:martin.jansson@abl.se\">martin.jansson@abl.se<\/a><\/small><br><small>+46 (0)76-677 84 94<\/small><\/p>\n<\/div><\/div>\n<\/div>\n\n\n\n<div class=\"wp-block-column is-layout-flow wp-block-column-is-layout-flow\">\n<div class=\"wp-block-media-text is-stacked-on-mobile is-vertically-aligned-top\"><figure class=\"wp-block-media-text__media\"><img loading=\"lazy\" decoding=\"async\" width=\"500\" height=\"604\" src=\"https:\/\/abl.se\/wp-content\/uploads\/Niklas.jpg\" alt=\"\" class=\"wp-image-14927 size-full\" srcset=\"https:\/\/abl.se\/wp-content\/uploads\/Niklas.jpg 500w, https:\/\/abl.se\/wp-content\/uploads\/Niklas-248x300.jpg 248w, https:\/\/abl.se\/wp-content\/uploads\/Niklas-200x242.jpg 200w, https:\/\/abl.se\/wp-content\/uploads\/Niklas-400x483.jpg 400w\" sizes=\"auto, (max-width: 500px) 100vw, 500px\" \/><\/figure><div class=\"wp-block-media-text__content\">\n<h2 class=\"wp-block-heading\">Niklas Petersson<\/h2>\n\n\n\n<p><em>Reservdelar &amp; F\u00f6rs\u00e4ljning, Teknisk support<\/em><br><small><a href=\"mailto:niklas.petersson@abl.se\">niklas.petersson@abl.se<\/a><\/small><br><small>+46 (0) 382 676 20<\/small><br><small>+46 (0) 70 193 16 40<\/small><br><small>+46 (0) 382 615 20<\/small><\/p>\n<\/div><\/div>\n<\/div>\n<\/div>\n\n\n\n<div class=\"wp-block-columns is-layout-flex wp-container-core-columns-is-layout-28f84493 wp-block-columns-is-layout-flex\">\n<div class=\"wp-block-column is-layout-flow wp-block-column-is-layout-flow\">\n<div class=\"wp-block-media-text is-stacked-on-mobile is-vertically-aligned-top\"><figure class=\"wp-block-media-text__media\"><img loading=\"lazy\" decoding=\"async\" width=\"500\" height=\"604\" src=\"https:\/\/abl.se\/wp-content\/uploads\/Sven-1.jpg\" alt=\"\" class=\"wp-image-14933 size-full\" srcset=\"https:\/\/abl.se\/wp-content\/uploads\/Sven-1.jpg 500w, https:\/\/abl.se\/wp-content\/uploads\/Sven-1-248x300.jpg 248w, https:\/\/abl.se\/wp-content\/uploads\/Sven-1-200x242.jpg 200w, https:\/\/abl.se\/wp-content\/uploads\/Sven-1-400x483.jpg 400w\" sizes=\"auto, (max-width: 500px) 100vw, 500px\" \/><\/figure><div class=\"wp-block-media-text__content\">\n<h2 class=\"wp-block-heading\">Sven Andersson<\/h2>\n\n\n\n<p><em>Konstruktion &amp; Support<\/em><br><small><a href=\"mailto:sven.andersson@abl.se\">sven.andersson@abl.se<\/a><\/small><br><small>+46 (0) 382 676 07<\/small><br><small>+46 (0) 382 615 20<\/small><\/p>\n<\/div><\/div>\n<\/div>\n\n\n\n<div class=\"wp-block-column is-layout-flow wp-block-column-is-layout-flow\">\n<div class=\"wp-block-media-text is-stacked-on-mobile is-vertically-aligned-top\"><figure class=\"wp-block-media-text__media\"><img loading=\"lazy\" decoding=\"async\" width=\"500\" height=\"604\" src=\"https:\/\/abl.se\/wp-content\/uploads\/Johan-2.jpg\" alt=\"\" class=\"wp-image-14941 size-full\" srcset=\"https:\/\/abl.se\/wp-content\/uploads\/Johan-2.jpg 500w, https:\/\/abl.se\/wp-content\/uploads\/Johan-2-248x300.jpg 248w, https:\/\/abl.se\/wp-content\/uploads\/Johan-2-200x242.jpg 200w, https:\/\/abl.se\/wp-content\/uploads\/Johan-2-400x483.jpg 400w\" sizes=\"auto, (max-width: 500px) 100vw, 500px\" \/><\/figure><div class=\"wp-block-media-text__content\">\n<h2 class=\"wp-block-heading\">Johan Svensson<\/h2>\n\n\n\n<p><em>Konstruktion<\/em><br><small><a href=\"mailto:johan.svensson@abl.se\">johan.svensson@abl.se<\/a><\/small><br><small>+46 (0) 382 676 19<\/small><br><small>+46 (0) 382 615 20<\/small><\/p>\n<\/div><\/div>\n<\/div>\n<\/div>\n\n\n\n<div class=\"wp-block-columns is-layout-flex wp-container-core-columns-is-layout-28f84493 wp-block-columns-is-layout-flex\">\n<div class=\"wp-block-column is-layout-flow wp-block-column-is-layout-flow\">\n<div class=\"wp-block-media-text is-stacked-on-mobile is-vertically-aligned-top\"><figure class=\"wp-block-media-text__media\"><img loading=\"lazy\" decoding=\"async\" width=\"500\" height=\"604\" src=\"https:\/\/abl.se\/wp-content\/uploads\/Martin-2.jpg\" alt=\"\" class=\"wp-image-14947 size-full\" srcset=\"https:\/\/abl.se\/wp-content\/uploads\/Martin-2.jpg 500w, https:\/\/abl.se\/wp-content\/uploads\/Martin-2-248x300.jpg 248w, https:\/\/abl.se\/wp-content\/uploads\/Martin-2-200x242.jpg 200w, https:\/\/abl.se\/wp-content\/uploads\/Martin-2-400x483.jpg 400w\" sizes=\"auto, (max-width: 500px) 100vw, 500px\" \/><\/figure><div class=\"wp-block-media-text__content\">\n<h2 class=\"wp-block-heading\">Martin Andersson<\/h2>\n\n\n\n<p><em>Produktionschef<\/em><br><small><a href=\"mailto:martin.andersson@abl.se\">martin.andersson@abl.se<\/a><\/small><br><small>+46 (0) 382 676 21<\/small><br><small>+46 (0)70 193 16 41<\/small><\/p>\n<\/div><\/div>\n<\/div>\n\n\n\n<div class=\"wp-block-column is-layout-flow wp-block-column-is-layout-flow\">\n<div class=\"wp-block-media-text is-stacked-on-mobile is-vertically-aligned-top\"><figure class=\"wp-block-media-text__media\"><img loading=\"lazy\" decoding=\"async\" width=\"500\" height=\"604\" src=\"https:\/\/abl.se\/wp-content\/uploads\/Nicklas-1.jpg\" alt=\"\" class=\"wp-image-14951 size-full\" srcset=\"https:\/\/abl.se\/wp-content\/uploads\/Nicklas-1.jpg 500w, https:\/\/abl.se\/wp-content\/uploads\/Nicklas-1-248x300.jpg 248w, https:\/\/abl.se\/wp-content\/uploads\/Nicklas-1-200x242.jpg 200w, https:\/\/abl.se\/wp-content\/uploads\/Nicklas-1-400x483.jpg 400w\" sizes=\"auto, (max-width: 500px) 100vw, 500px\" \/><\/figure><div class=\"wp-block-media-text__content\">\n<h2 class=\"wp-block-heading\">Nicklas Thelander<\/h2>\n\n\n\n<p><em>Leveranser \/ Godsmottagning<\/em><br><small><a href=\"mailto:nicklas.thelander@abl.se\">nicklas.thelander@abl.se<\/a><\/small><br><small>+46 (0) 382-676 12<\/small><br><small>+46 (0)70 193 16 32<\/small><\/p>\n<\/div><\/div>\n<\/div>\n<\/div>\n\n\n\n<div class=\"wp-block-columns is-layout-flex wp-container-core-columns-is-layout-28f84493 wp-block-columns-is-layout-flex\">\n<div class=\"wp-block-column is-layout-flow wp-block-column-is-layout-flow\">\n<div class=\"wp-block-media-text is-stacked-on-mobile is-vertically-aligned-top\"><figure class=\"wp-block-media-text__media\"><img loading=\"lazy\" decoding=\"async\" width=\"500\" height=\"604\" src=\"https:\/\/abl.se\/wp-content\/uploads\/Mirjana-1.jpg\" alt=\"\" class=\"wp-image-14949 size-full\" srcset=\"https:\/\/abl.se\/wp-content\/uploads\/Mirjana-1.jpg 500w, https:\/\/abl.se\/wp-content\/uploads\/Mirjana-1-248x300.jpg 248w, https:\/\/abl.se\/wp-content\/uploads\/Mirjana-1-200x242.jpg 200w, https:\/\/abl.se\/wp-content\/uploads\/Mirjana-1-400x483.jpg 400w\" sizes=\"auto, (max-width: 500px) 100vw, 500px\" \/><\/figure><div class=\"wp-block-media-text__content\">\n<h2 class=\"wp-block-heading\">Mirjana Danjski<\/h2>\n\n\n\n<p><em>Beredning\/ink\u00f6p<\/em><br><small><a href=\"mailto:mirjana.danjski@abl.se\">mirjana.danjski@abl.se<\/a><\/small><br><small>+46 (0) 382 676 18<\/small><br><small>+46 (0)70 193 16 38<\/small><br><small>+46 (0) 382 61520<\/small><\/p>\n<\/div><\/div>\n<\/div>\n\n\n\n<div class=\"wp-block-column is-layout-flow wp-block-column-is-layout-flow\">\n<div class=\"wp-block-media-text is-stacked-on-mobile is-vertically-aligned-top\"><figure class=\"wp-block-media-text__media\"><img loading=\"lazy\" decoding=\"async\" width=\"500\" height=\"604\" src=\"https:\/\/abl.se\/wp-content\/uploads\/Linda.jpg\" alt=\"\" class=\"wp-image-14943 size-full\" srcset=\"https:\/\/abl.se\/wp-content\/uploads\/Linda.jpg 500w, https:\/\/abl.se\/wp-content\/uploads\/Linda-248x300.jpg 248w, https:\/\/abl.se\/wp-content\/uploads\/Linda-200x242.jpg 200w, https:\/\/abl.se\/wp-content\/uploads\/Linda-400x483.jpg 400w\" sizes=\"auto, (max-width: 500px) 100vw, 500px\" \/><\/figure><div class=\"wp-block-media-text__content\">\n<h2 class=\"wp-block-heading\">Linda Eskilson<\/h2>\n\n\n\n<p><em>Ekonomi<\/em><br><small><a href=\"mailto:linda.eskilson@pars.se\">linda.eskilson@pars.se<\/a><\/small><br><small>+46 (0) 13 327 24 15<\/small><\/p>\n<\/div><\/div>\n<\/div>\n<\/div>\n\n\n\n<div class=\"wp-block-columns is-layout-flex wp-container-core-columns-is-layout-28f84493 wp-block-columns-is-layout-flex\">\n<div class=\"wp-block-column is-layout-flow wp-block-column-is-layout-flow\">\n<div class=\"wp-block-media-text is-stacked-on-mobile is-vertically-aligned-top\"><figure class=\"wp-block-media-text__media\"><img loading=\"lazy\" decoding=\"async\" width=\"500\" height=\"604\" src=\"https:\/\/abl.se\/wp-content\/uploads\/Hanna.jpg\" alt=\"\" class=\"wp-image-14937 size-full\" srcset=\"https:\/\/abl.se\/wp-content\/uploads\/Hanna.jpg 500w, https:\/\/abl.se\/wp-content\/uploads\/Hanna-248x300.jpg 248w, https:\/\/abl.se\/wp-content\/uploads\/Hanna-200x242.jpg 200w, https:\/\/abl.se\/wp-content\/uploads\/Hanna-400x483.jpg 400w\" sizes=\"auto, (max-width: 500px) 100vw, 500px\" \/><\/figure><div class=\"wp-block-media-text__content\">\n<h2 class=\"wp-block-heading\">Hanna Wirsen<\/h2>\n\n\n\n<p><em>Ekonomi<\/em><br><small><a href=\"mailto:hanna.wirsen@pars.se\">hanna.wirsen@pars.se<\/a><\/small><br><small>+46 (0) 13 327 24 00<\/small><br><small>+46 (0) 73 081 35 35<\/small><\/p>\n<\/div><\/div>\n<\/div>\n\n\n\n<div class=\"wp-block-column is-layout-flow wp-block-column-is-layout-flow\"><\/div>\n<\/div>\n\n\n\n<p><\/p>\n","protected":false},"excerpt":{"rendered":"<p>Magnus Hellstr\u00f6m CEO Exportmagnus.hellstrom@abl.se+46 (0)72 240 78 85 Pernilla Klintenberg Sales Swedenpernilla.klintenberg@abl.se+46 (0) 382 676 06+46 (0)70 193 16 26 Magnus Klintenberg F\u00f6rs\u00e4ljningschef S\u00e4ljdistrikt: Sk\u00e5ne, Kronobergmagnus.klintenberg@abl.se+46 (0)382-676 16+46 (0)72 090 84 16 Rasmus Eriksson F\u00f6rs\u00e4ljning S\u00e4ljdistrikt: Stockholm, Uppsala, S\u00f6dermanland, V\u00e4stmanland, G\u00e4vleborg, V\u00e4sternorrland, V\u00e4sterbotten.rasmus.eriksson@abl.se+46 (0) 76 044 54 11 Martin Jansson F\u00f6rs\u00e4ljning S\u00e4ljdistrikt: \u00d6rebro, V\u00e4rmland, Dalarna, [&hellip;]<\/p>\n","protected":false},"author":1,"featured_media":0,"parent":0,"menu_order":0,"comment_status":"closed","ping_status":"closed","template":"","meta":{"_acf_changed":false,"footnotes":""},"class_list":["post-16154","page","type-page","status-publish","hentry"],"blocksy_meta":[],"acf":[],"yoast_head":"<!-- This site is optimized with the Yoast SEO plugin v27.4 - https:\/\/yoast.com\/product\/yoast-seo-wordpress\/ -->\n<title>Contact us - ABL Construction Equipment AB<\/title>\n<meta name=\"robots\" content=\"index, follow, max-snippet:-1, max-image-preview:large, max-video-preview:-1\" \/>\n<link rel=\"canonical\" href=\"https:\/\/abl.se\/en\/contact-us\/\" \/>\n<meta property=\"og:locale\" content=\"en_US\" \/>\n<meta property=\"og:type\" content=\"article\" \/>\n<meta property=\"og:title\" content=\"Contact us - ABL Construction Equipment AB\" \/>\n<meta property=\"og:description\" content=\"Magnus Hellstr\u00f6m CEO Exportmagnus.hellstrom@abl.se+46 (0)72 240 78 85 Pernilla Klintenberg Sales Swedenpernilla.klintenberg@abl.se+46 (0) 382 676 06+46 (0)70 193 16 26 Magnus Klintenberg F\u00f6rs\u00e4ljningschef S\u00e4ljdistrikt: Sk\u00e5ne, Kronobergmagnus.klintenberg@abl.se+46 (0)382-676 16+46 (0)72 090 84 16 Rasmus Eriksson F\u00f6rs\u00e4ljning S\u00e4ljdistrikt: Stockholm, Uppsala, S\u00f6dermanland, V\u00e4stmanland, G\u00e4vleborg, V\u00e4sternorrland, V\u00e4sterbotten.rasmus.eriksson@abl.se+46 (0) 76 044 54 11 Martin Jansson F\u00f6rs\u00e4ljning S\u00e4ljdistrikt: \u00d6rebro, V\u00e4rmland, Dalarna, [&hellip;]\" \/>\n<meta property=\"og:url\" content=\"https:\/\/abl.se\/en\/contact-us\/\" \/>\n<meta property=\"og:site_name\" content=\"ABL Construction Equipment AB\" \/>\n<meta property=\"article:publisher\" content=\"https:\/\/www.facebook.com\/ABL-Construction-Equipment-AB-221245964597807\/\" \/>\n<meta property=\"article:modified_time\" content=\"2026-02-03T05:48:33+00:00\" \/>\n<meta property=\"og:image\" content=\"https:\/\/abl.se\/wp-content\/uploads\/Magnus-Hellstrom-web-604.jpg\" \/>\n\t<meta property=\"og:image:width\" content=\"500\" \/>\n\t<meta property=\"og:image:height\" content=\"604\" \/>\n\t<meta property=\"og:image:type\" content=\"image\/jpeg\" \/>\n<meta name=\"twitter:label1\" content=\"Est. reading time\" \/>\n\t<meta name=\"twitter:data1\" content=\"1 minute\" \/>\n<script type=\"application\/ld+json\" class=\"yoast-schema-graph\">{\"@context\":\"https:\\\/\\\/schema.org\",\"@graph\":[{\"@type\":\"WebPage\",\"@id\":\"https:\\\/\\\/abl.se\\\/en\\\/contact-us\\\/\",\"url\":\"https:\\\/\\\/abl.se\\\/en\\\/contact-us\\\/\",\"name\":\"Contact us - ABL Construction Equipment AB\",\"isPartOf\":{\"@id\":\"http:\\\/\\\/abl.se\\\/#website\"},\"primaryImageOfPage\":{\"@id\":\"https:\\\/\\\/abl.se\\\/en\\\/contact-us\\\/#primaryimage\"},\"image\":{\"@id\":\"https:\\\/\\\/abl.se\\\/en\\\/contact-us\\\/#primaryimage\"},\"thumbnailUrl\":\"https:\\\/\\\/abl.se\\\/wp-content\\\/uploads\\\/Magnus-Hellstrom-web-604.jpg\",\"datePublished\":\"2026-01-26T09:56:43+00:00\",\"dateModified\":\"2026-02-03T05:48:33+00:00\",\"breadcrumb\":{\"@id\":\"https:\\\/\\\/abl.se\\\/en\\\/contact-us\\\/#breadcrumb\"},\"inLanguage\":\"en-US\",\"potentialAction\":[{\"@type\":\"ReadAction\",\"target\":[\"https:\\\/\\\/abl.se\\\/en\\\/contact-us\\\/\"]}]},{\"@type\":\"ImageObject\",\"inLanguage\":\"en-US\",\"@id\":\"https:\\\/\\\/abl.se\\\/en\\\/contact-us\\\/#primaryimage\",\"url\":\"https:\\\/\\\/abl.se\\\/wp-content\\\/uploads\\\/Magnus-Hellstrom-web-604.jpg\",\"contentUrl\":\"https:\\\/\\\/abl.se\\\/wp-content\\\/uploads\\\/Magnus-Hellstrom-web-604.jpg\"},{\"@type\":\"BreadcrumbList\",\"@id\":\"https:\\\/\\\/abl.se\\\/en\\\/contact-us\\\/#breadcrumb\",\"itemListElement\":[{\"@type\":\"ListItem\",\"position\":1,\"name\":\"Hem\",\"item\":\"https:\\\/\\\/abl.se\\\/en\\\/\"},{\"@type\":\"ListItem\",\"position\":2,\"name\":\"Contact us\"}]},{\"@type\":\"WebSite\",\"@id\":\"http:\\\/\\\/abl.se\\\/#website\",\"url\":\"http:\\\/\\\/abl.se\\\/\",\"name\":\"ABL Construction Equipment AB\",\"description\":\"\",\"publisher\":{\"@id\":\"http:\\\/\\\/abl.se\\\/#organization\"},\"potentialAction\":[{\"@type\":\"SearchAction\",\"target\":{\"@type\":\"EntryPoint\",\"urlTemplate\":\"http:\\\/\\\/abl.se\\\/?s={search_term_string}\"},\"query-input\":{\"@type\":\"PropertyValueSpecification\",\"valueRequired\":true,\"valueName\":\"search_term_string\"}}],\"inLanguage\":\"en-US\"},{\"@type\":\"Organization\",\"@id\":\"http:\\\/\\\/abl.se\\\/#organization\",\"name\":\"ABL Construction Equipment AB\",\"url\":\"http:\\\/\\\/abl.se\\\/\",\"logo\":{\"@type\":\"ImageObject\",\"inLanguage\":\"en-US\",\"@id\":\"http:\\\/\\\/abl.se\\\/#\\\/schema\\\/logo\\\/image\\\/\",\"url\":\"https:\\\/\\\/abl.se\\\/wp-content\\\/uploads\\\/abl_logo_164x95.png\",\"contentUrl\":\"https:\\\/\\\/abl.se\\\/wp-content\\\/uploads\\\/abl_logo_164x95.png\",\"width\":164,\"height\":95,\"caption\":\"ABL Construction Equipment AB\"},\"image\":{\"@id\":\"http:\\\/\\\/abl.se\\\/#\\\/schema\\\/logo\\\/image\\\/\"},\"sameAs\":[\"https:\\\/\\\/www.facebook.com\\\/ABL-Construction-Equipment-AB-221245964597807\\\/\",\"https:\\\/\\\/www.instagram.com\\\/ablsavsjo\\\/\"]}]}<\/script>\n<!-- \/ Yoast SEO plugin. -->","yoast_head_json":{"title":"Contact us - ABL Construction Equipment AB","robots":{"index":"index","follow":"follow","max-snippet":"max-snippet:-1","max-image-preview":"max-image-preview:large","max-video-preview":"max-video-preview:-1"},"canonical":"https:\/\/abl.se\/en\/contact-us\/","og_locale":"en_US","og_type":"article","og_title":"Contact us - ABL Construction Equipment AB","og_description":"Magnus Hellstr\u00f6m CEO Exportmagnus.hellstrom@abl.se+46 (0)72 240 78 85 Pernilla Klintenberg Sales Swedenpernilla.klintenberg@abl.se+46 (0) 382 676 06+46 (0)70 193 16 26 Magnus Klintenberg F\u00f6rs\u00e4ljningschef S\u00e4ljdistrikt: Sk\u00e5ne, Kronobergmagnus.klintenberg@abl.se+46 (0)382-676 16+46 (0)72 090 84 16 Rasmus Eriksson F\u00f6rs\u00e4ljning S\u00e4ljdistrikt: Stockholm, Uppsala, S\u00f6dermanland, V\u00e4stmanland, G\u00e4vleborg, V\u00e4sternorrland, V\u00e4sterbotten.rasmus.eriksson@abl.se+46 (0) 76 044 54 11 Martin Jansson F\u00f6rs\u00e4ljning S\u00e4ljdistrikt: \u00d6rebro, V\u00e4rmland, Dalarna, [&hellip;]","og_url":"https:\/\/abl.se\/en\/contact-us\/","og_site_name":"ABL Construction Equipment AB","article_publisher":"https:\/\/www.facebook.com\/ABL-Construction-Equipment-AB-221245964597807\/","article_modified_time":"2026-02-03T05:48:33+00:00","og_image":[{"width":500,"height":604,"url":"https:\/\/abl.se\/wp-content\/uploads\/Magnus-Hellstrom-web-604.jpg","type":"image\/jpeg"}],"twitter_misc":{"Est. reading time":"1 minute"},"schema":{"@context":"https:\/\/schema.org","@graph":[{"@type":"WebPage","@id":"https:\/\/abl.se\/en\/contact-us\/","url":"https:\/\/abl.se\/en\/contact-us\/","name":"Contact us - ABL Construction Equipment AB","isPartOf":{"@id":"http:\/\/abl.se\/#website"},"primaryImageOfPage":{"@id":"https:\/\/abl.se\/en\/contact-us\/#primaryimage"},"image":{"@id":"https:\/\/abl.se\/en\/contact-us\/#primaryimage"},"thumbnailUrl":"https:\/\/abl.se\/wp-content\/uploads\/Magnus-Hellstrom-web-604.jpg","datePublished":"2026-01-26T09:56:43+00:00","dateModified":"2026-02-03T05:48:33+00:00","breadcrumb":{"@id":"https:\/\/abl.se\/en\/contact-us\/#breadcrumb"},"inLanguage":"en-US","potentialAction":[{"@type":"ReadAction","target":["https:\/\/abl.se\/en\/contact-us\/"]}]},{"@type":"ImageObject","inLanguage":"en-US","@id":"https:\/\/abl.se\/en\/contact-us\/#primaryimage","url":"https:\/\/abl.se\/wp-content\/uploads\/Magnus-Hellstrom-web-604.jpg","contentUrl":"https:\/\/abl.se\/wp-content\/uploads\/Magnus-Hellstrom-web-604.jpg"},{"@type":"BreadcrumbList","@id":"https:\/\/abl.se\/en\/contact-us\/#breadcrumb","itemListElement":[{"@type":"ListItem","position":1,"name":"Hem","item":"https:\/\/abl.se\/en\/"},{"@type":"ListItem","position":2,"name":"Contact us"}]},{"@type":"WebSite","@id":"http:\/\/abl.se\/#website","url":"http:\/\/abl.se\/","name":"ABL Construction Equipment AB","description":"","publisher":{"@id":"http:\/\/abl.se\/#organization"},"potentialAction":[{"@type":"SearchAction","target":{"@type":"EntryPoint","urlTemplate":"http:\/\/abl.se\/?s={search_term_string}"},"query-input":{"@type":"PropertyValueSpecification","valueRequired":true,"valueName":"search_term_string"}}],"inLanguage":"en-US"},{"@type":"Organization","@id":"http:\/\/abl.se\/#organization","name":"ABL Construction Equipment AB","url":"http:\/\/abl.se\/","logo":{"@type":"ImageObject","inLanguage":"en-US","@id":"http:\/\/abl.se\/#\/schema\/logo\/image\/","url":"https:\/\/abl.se\/wp-content\/uploads\/abl_logo_164x95.png","contentUrl":"https:\/\/abl.se\/wp-content\/uploads\/abl_logo_164x95.png","width":164,"height":95,"caption":"ABL Construction Equipment AB"},"image":{"@id":"http:\/\/abl.se\/#\/schema\/logo\/image\/"},"sameAs":["https:\/\/www.facebook.com\/ABL-Construction-Equipment-AB-221245964597807\/","https:\/\/www.instagram.com\/ablsavsjo\/"]}]}},"_links":{"self":[{"href":"https:\/\/abl.se\/en\/wp-json\/wp\/v2\/pages\/16154","targetHints":{"allow":["GET"]}}],"collection":[{"href":"https:\/\/abl.se\/en\/wp-json\/wp\/v2\/pages"}],"about":[{"href":"https:\/\/abl.se\/en\/wp-json\/wp\/v2\/types\/page"}],"author":[{"embeddable":true,"href":"https:\/\/abl.se\/en\/wp-json\/wp\/v2\/users\/1"}],"replies":[{"embeddable":true,"href":"https:\/\/abl.se\/en\/wp-json\/wp\/v2\/comments?post=16154"}],"version-history":[{"count":2,"href":"https:\/\/abl.se\/en\/wp-json\/wp\/v2\/pages\/16154\/revisions"}],"predecessor-version":[{"id":16172,"href":"https:\/\/abl.se\/en\/wp-json\/wp\/v2\/pages\/16154\/revisions\/16172"}],"wp:attachment":[{"href":"https:\/\/abl.se\/en\/wp-json\/wp\/v2\/media?parent=16154"}],"curies":[{"name":"wp","href":"https:\/\/api.w.org\/{rel}","templated":true}]}}